{"id":294,"date":"2025-12-19T08:05:24","date_gmt":"2025-12-19T07:05:24","guid":{"rendered":"https:\/\/galytics.fr\/?page_id=294"},"modified":"2025-12-19T08:20:02","modified_gmt":"2025-12-19T07:20:02","slug":"cgv","status":"publish","type":"page","link":"https:\/\/galytics.fr\/?page_id=294","title":{"rendered":"CGV"},"content":{"rendered":"\t\t<div data-elementor-type=\"wp-page\" data-elementor-id=\"294\" class=\"elementor elementor-294\">\n\t\t\t\t<div class=\"elementor-element elementor-element-d4864dc e-flex e-con-boxed e-con e-parent\" data-id=\"d4864dc\" data-element_type=\"container\">\n\t\t\t\t\t<div class=\"e-con-inner\">\n\t\t<div class=\"elementor-element elementor-element-90b2c0c e-flex e-con-boxed e-con e-child\" data-id=\"90b2c0c\" data-element_type=\"container\" data-settings=\"{&quot;background_background&quot;:&quot;gradient&quot;,&quot;shape_divider_bottom&quot;:&quot;waves&quot;}\">\n\t\t\t\t\t<div class=\"e-con-inner\">\n\t\t\t\t<div class=\"elementor-shape elementor-shape-bottom\" aria-hidden=\"true\" data-negative=\"false\">\n\t\t\t<svg xmlns=\"http:\/\/www.w3.org\/2000\/svg\" viewBox=\"0 0 1000 100\" preserveAspectRatio=\"none\">\n\t<path class=\"elementor-shape-fill\" d=\"M421.9,6.5c22.6-2.5,51.5,0.4,75.5,5.3c23.6,4.9,70.9,23.5,100.5,35.7c75.8,32.2,133.7,44.5,192.6,49.7\n\tc23.6,2.1,48.7,3.5,103.4-2.5c54.7-6,106.2-25.6,106.2-25.6V0H0v30.3c0,0,72,32.6,158.4,30.5c39.2-0.7,92.8-6.7,134-22.4\n\tc21.2-8.1,52.2-18.2,79.7-24.2C399.3,7.9,411.6,7.5,421.9,6.5z\"\/>\n<\/svg>\t\t<\/div>\n\t\t\t\t<div class=\"elementor-element elementor-element-d362ccc elementor-widget elementor-widget-heading\" data-id=\"d362ccc\" data-element_type=\"widget\" data-widget_type=\"heading.default\">\n\t\t\t\t\t<h1 class=\"elementor-heading-title elementor-size-default\">Conditions g\u00e9n\u00e9rales de vente<\/h1>\t\t\t\t<\/div>\n\t\t\t\t\t<\/div>\n\t\t\t\t<\/div>\n\t\t\t\t\t<\/div>\n\t\t\t\t<\/div>\n\t\t<div class=\"elementor-element elementor-element-62f0743 e-flex e-con-boxed e-con e-parent\" data-id=\"62f0743\" data-element_type=\"container\">\n\t\t\t\t\t<div class=\"e-con-inner\">\n\t\t\t\t<div class=\"elementor-element elementor-element-d2d7483 elementor-widget elementor-widget-text-editor\" data-id=\"d2d7483\" data-element_type=\"widget\" data-widget_type=\"text-editor.default\">\n\t\t\t\t\t\t\t\t\t<h2 data-start=\"317\" data-end=\"351\">\u00a0<\/h2><h3 data-start=\"317\" data-end=\"351\">Article 1 \u2013 Champ d\u2019application<\/h3><p data-start=\"353\" data-end=\"764\">Les pr\u00e9sentes Conditions G\u00e9n\u00e9rales de Vente (ci-apr\u00e8s \u00ab CGV \u00bb) s\u2019appliquent \u00e0 l\u2019ensemble des prestations de services conclues entre <strong data-start=\"485\" data-end=\"499\">L\u00e9o Texier<\/strong>, Entrepreneur Individuel (EI), immatricul\u00e9 sous le num\u00e9ro <strong data-start=\"558\" data-end=\"585\">SIRET 993 330 844 00016<\/strong>, dont le si\u00e8ge est situ\u00e9 <strong data-start=\"611\" data-end=\"647\">3 rue Jules Bodin \u2013 35000 Rennes<\/strong>, ci-apr\u00e8s d\u00e9nomm\u00e9 \u00ab le Prestataire \u00bb,<br data-start=\"685\" data-end=\"688\" \/>et tout client professionnel ou particulier, ci-apr\u00e8s d\u00e9nomm\u00e9 \u00ab le Client \u00bb.<\/p><p data-start=\"766\" data-end=\"946\">Toute commande de prestation implique l\u2019acceptation pleine, enti\u00e8re et sans r\u00e9serve des pr\u00e9sentes CGV, qui pr\u00e9valent sur tout autre document du Client, sauf accord \u00e9crit contraire.<\/p><h3 data-start=\"953\" data-end=\"989\">\u00a0<\/h3><h3 data-start=\"953\" data-end=\"989\">Article 2 \u2013 Prestations propos\u00e9es<\/h3><p data-start=\"991\" data-end=\"1212\">Le Prestataire propose des prestations de services dans le domaine de la <strong data-start=\"1064\" data-end=\"1160\">configuration, la maintenance et l\u2019optimisation des outils de mesure de performance digitale<\/strong> (analytics, tracking, reporting, conformit\u00e9, etc.).<\/p><p data-start=\"1214\" data-end=\"1433\">Le contenu d\u00e9taill\u00e9 des prestations, leur dur\u00e9e, leurs modalit\u00e9s d\u2019ex\u00e9cution ainsi que les livrables sont pr\u00e9cis\u00e9s dans un <strong data-start=\"1337\" data-end=\"1377\">devis valid\u00e9 par \u00e9crit par le Client<\/strong>, lequel fait partie int\u00e9grante de l\u2019accord contractuel.<\/p><h3 data-start=\"1440\" data-end=\"1472\">\u00a0<\/h3><h3 data-start=\"1440\" data-end=\"1472\">Article 3 \u2013 Devis et commande<\/h3><p data-start=\"1474\" data-end=\"1597\">Toute prestation fait l\u2019objet d\u2019un devis pr\u00e9alable, valable pour une dur\u00e9e de <strong data-start=\"1552\" data-end=\"1564\">30 jours<\/strong> \u00e0 compter de sa date d\u2019\u00e9mission.<\/p><p data-start=\"1599\" data-end=\"1657\">La commande est consid\u00e9r\u00e9e comme ferme et d\u00e9finitive d\u00e8s :<\/p><ul data-start=\"1658\" data-end=\"1773\"><li data-start=\"1658\" data-end=\"1736\"><p data-start=\"1660\" data-end=\"1736\">la signature du devis par le Client (signature manuscrite ou \u00e9lectronique) ;<\/p><\/li><li data-start=\"1737\" data-end=\"1773\"><p data-start=\"1739\" data-end=\"1773\">ou la validation \u00e9crite par email.<\/p><\/li><\/ul><h3 data-start=\"1780\" data-end=\"1799\">\u00a0<\/h3><h3 data-start=\"1780\" data-end=\"1799\">Article 4 \u2013 Prix<\/h3><p data-start=\"1801\" data-end=\"1929\">Les prix des prestations sont ceux indiqu\u00e9s dans le devis accept\u00e9 par le Client. Ils sont exprim\u00e9s en <strong data-start=\"1903\" data-end=\"1928\">euros hors taxes (HT)<\/strong>.<\/p><p data-start=\"1931\" data-end=\"2024\">Sauf mention contraire :<br data-start=\"1955\" data-end=\"1958\" \/><strong data-start=\"1958\" data-end=\"2024\">TVA non applicable \u2013 article 293 B du Code g\u00e9n\u00e9ral des imp\u00f4ts.<\/strong><\/p><p data-start=\"2026\" data-end=\"2127\">Le Prestataire se r\u00e9serve le droit de modifier ses tarifs \u00e0 tout moment pour toute nouvelle commande.<\/p><h3 data-start=\"2134\" data-end=\"2170\">\u00a0<\/h3><h3 data-start=\"2134\" data-end=\"2170\">Article 5 \u2013 Modalit\u00e9s de paiement<\/h3><p data-start=\"2172\" data-end=\"2221\">Sauf stipulation contraire pr\u00e9vue dans le devis :<\/p><ul data-start=\"2223\" data-end=\"2370\"><li data-start=\"2223\" data-end=\"2276\"><p data-start=\"2225\" data-end=\"2276\">le r\u00e8glement s\u2019effectue par <strong data-start=\"2253\" data-end=\"2274\">virement bancaire<\/strong> ;<\/p><\/li><li data-start=\"2277\" data-end=\"2370\"><p data-start=\"2279\" data-end=\"2370\">le d\u00e9lai de paiement est fix\u00e9 \u00e0 <strong data-start=\"2311\" data-end=\"2323\">30 jours<\/strong> \u00e0 compter de la date d\u2019\u00e9mission de la facture.<\/p><\/li><\/ul><p data-start=\"2372\" data-end=\"2628\">En cas de retard de paiement, des p\u00e9nalit\u00e9s de retard seront exigibles d\u00e8s le premier jour de retard, au taux l\u00e9gal en vigueur, ainsi qu\u2019une <strong data-start=\"2513\" data-end=\"2573\">indemnit\u00e9 forfaitaire de 40 \u20ac pour frais de recouvrement<\/strong>, conform\u00e9ment \u00e0 l\u2019article L441-10 du Code de commerce.<\/p><p data-start=\"2630\" data-end=\"2755\">Le Prestataire se r\u00e9serve le droit de <strong data-start=\"2668\" data-end=\"2712\">suspendre ou d\u2019interrompre la prestation<\/strong> jusqu\u2019au complet paiement des sommes dues.<\/p><h3 data-start=\"2762\" data-end=\"2800\">\u00a0<\/h3><h3 data-start=\"2762\" data-end=\"2800\">Article 6 \u2013 Obligations des parties<\/h3><h4 data-start=\"2802\" data-end=\"2836\">6.1 Obligations du Prestataire<\/h4><p data-start=\"2838\" data-end=\"3037\">Le Prestataire est tenu \u00e0 une <strong data-start=\"2868\" data-end=\"2892\">obligation de moyens<\/strong>.<br data-start=\"2893\" data-end=\"2896\" \/>Il s\u2019engage \u00e0 mettre en \u0153uvre toutes les comp\u00e9tences, ressources et diligences raisonnables n\u00e9cessaires \u00e0 la bonne ex\u00e9cution des prestations.<\/p><h4 data-start=\"3039\" data-end=\"3068\">6.2 Obligations du Client<\/h4><p data-start=\"3070\" data-end=\"3092\">Le Client s\u2019engage \u00e0 :<\/p><ul data-start=\"3093\" data-end=\"3260\"><li data-start=\"3093\" data-end=\"3202\"><p data-start=\"3095\" data-end=\"3202\">fournir l\u2019ensemble des informations, documents, acc\u00e8s et validations n\u00e9cessaires dans les d\u00e9lais convenus ;<\/p><\/li><li data-start=\"3203\" data-end=\"3260\"><p data-start=\"3205\" data-end=\"3260\">collaborer activement au bon d\u00e9roulement de la mission.<\/p><\/li><\/ul><p data-start=\"3262\" data-end=\"3381\">Tout retard ou manquement du Client pourra entra\u00eener un <strong data-start=\"3318\" data-end=\"3339\">report des d\u00e9lais<\/strong> et\/ou une <strong data-start=\"3350\" data-end=\"3380\">facturation compl\u00e9mentaire<\/strong>.<\/p><h3 data-start=\"3388\" data-end=\"3421\">\u00a0<\/h3><h3 data-start=\"3388\" data-end=\"3421\">Article 7 \u2013 D\u00e9lais d\u2019ex\u00e9cution<\/h3><p data-start=\"3423\" data-end=\"3526\">Les d\u00e9lais d\u2019ex\u00e9cution sont communiqu\u00e9s \u00e0 titre indicatif et peuvent \u00eatre ajust\u00e9s notamment en cas de :<\/p><ul data-start=\"3527\" data-end=\"3616\"><li data-start=\"3527\" data-end=\"3557\"><p data-start=\"3529\" data-end=\"3557\">retard imputable au Client ;<\/p><\/li><li data-start=\"3558\" data-end=\"3575\"><p data-start=\"3560\" data-end=\"3575\">force majeure ;<\/p><\/li><li data-start=\"3576\" data-end=\"3616\"><p data-start=\"3578\" data-end=\"3616\">intervention ou d\u00e9pendance \u00e0 un tiers.<\/p><\/li><\/ul><h3 data-start=\"3623\" data-end=\"3652\">\u00a0<\/h3><h3 data-start=\"3623\" data-end=\"3652\">Article 8 \u2013 Responsabilit\u00e9<\/h3><p data-start=\"3654\" data-end=\"3888\">La responsabilit\u00e9 du Prestataire ne pourra \u00eatre engag\u00e9e qu\u2019en cas de <strong data-start=\"3723\" data-end=\"3740\">faute prouv\u00e9e<\/strong> et est strictement limit\u00e9e, toutes causes confondues, au <strong data-start=\"3798\" data-end=\"3851\">montant total HT effectivement pay\u00e9 par le Client<\/strong> au titre de la prestation concern\u00e9e.<\/p><p data-start=\"3890\" data-end=\"3973\">Le Prestataire ne saurait \u00eatre tenu responsable des dommages indirects, notamment :<\/p><ul data-start=\"3974\" data-end=\"4086\"><li data-start=\"3974\" data-end=\"4005\"><p data-start=\"3976\" data-end=\"4005\">perte de chiffre d\u2019affaires ;<\/p><\/li><li data-start=\"4006\" data-end=\"4025\"><p data-start=\"4008\" data-end=\"4025\">perte de chance ;<\/p><\/li><li data-start=\"4026\" data-end=\"4048\"><p data-start=\"4028\" data-end=\"4048\">atteinte \u00e0 l\u2019image ;<\/p><\/li><li data-start=\"4049\" data-end=\"4086\"><p data-start=\"4051\" data-end=\"4086\">r\u00e9sultats commerciaux non atteints.<\/p><\/li><\/ul><h3 data-start=\"4093\" data-end=\"4119\">\u00a0<\/h3><h3 data-start=\"4093\" data-end=\"4119\">Article 9 \u2013 R\u00e9siliation<\/h3><p data-start=\"4121\" data-end=\"4330\">En cas de manquement grave par l\u2019une des parties \u00e0 ses obligations contractuelles, non r\u00e9par\u00e9 dans un d\u00e9lai de <strong data-start=\"4232\" data-end=\"4244\">15 jours<\/strong> apr\u00e8s notification \u00e9crite, l\u2019autre partie pourra r\u00e9silier la commande de plein droit.<\/p><p data-start=\"4332\" data-end=\"4390\">En cas de r\u00e9siliation anticip\u00e9e \u00e0 l\u2019initiative du Client :<\/p><ul data-start=\"4391\" data-end=\"4511\"><li data-start=\"4391\" data-end=\"4455\"><p data-start=\"4393\" data-end=\"4455\">les sommes d\u00e9j\u00e0 encaiss\u00e9es resteront acquises au Prestataire ;<\/p><\/li><li data-start=\"4456\" data-end=\"4511\"><p data-start=\"4458\" data-end=\"4511\">les prestations r\u00e9alis\u00e9es ou engag\u00e9es resteront dues.<\/p><\/li><\/ul><h3 data-start=\"4518\" data-end=\"4549\">\u00a0<\/h3><h3 data-start=\"4518\" data-end=\"4549\">Article 10 \u2013 Confidentialit\u00e9<\/h3><p data-start=\"4551\" data-end=\"4768\">Chaque partie s\u2019engage \u00e0 conserver strictement confidentielles toutes les informations \u00e9chang\u00e9es dans le cadre de l\u2019ex\u00e9cution des prestations, pendant toute la dur\u00e9e du contrat et pendant <strong data-start=\"4739\" data-end=\"4767\">2 ans apr\u00e8s sa cessation<\/strong>.<\/p><h3 data-start=\"4775\" data-end=\"4833\">\u00a0<\/h3><h3 data-start=\"4775\" data-end=\"4833\">Article 11 \u2013 Protection des donn\u00e9es personnelles (RGPD)<\/h3><p data-start=\"4835\" data-end=\"5011\">Lorsque le Prestataire est amen\u00e9 \u00e0 traiter des donn\u00e9es personnelles pour le compte du Client, il agit en qualit\u00e9 de <strong data-start=\"4951\" data-end=\"4968\">sous-traitant<\/strong> au sens du R\u00e8glement (UE) 2016\/679 (RGPD).<\/p><p data-start=\"5013\" data-end=\"5152\">Les donn\u00e9es sont trait\u00e9es uniquement pour les besoins de l\u2019ex\u00e9cution des prestations et conserv\u00e9es pendant la dur\u00e9e strictement n\u00e9cessaire.<\/p><h3 data-start=\"5159\" data-end=\"5188\">\u00a0<\/h3><h3 data-start=\"5159\" data-end=\"5188\">Article 12 \u2013 Force majeure<\/h3><p data-start=\"5190\" data-end=\"5346\">Aucune des parties ne pourra \u00eatre tenue responsable d\u2019un manquement r\u00e9sultant d\u2019un \u00e9v\u00e9nement de force majeure tel que d\u00e9fini par la jurisprudence fran\u00e7aise.<\/p><h3 data-start=\"5353\" data-end=\"5410\">\u00a0<\/h3><h3 data-start=\"5353\" data-end=\"5410\">Article 13 \u2013 Droit applicable et r\u00e8glement des litiges<\/h3><p data-start=\"5412\" data-end=\"5466\">Les pr\u00e9sentes CGV sont soumises au <strong data-start=\"5447\" data-end=\"5465\">droit fran\u00e7ais<\/strong>.<\/p><p data-start=\"5468\" data-end=\"5689\">En cas de litige, les parties s\u2019engagent \u00e0 rechercher une solution amiable avant toute action judiciaire.<br data-start=\"5573\" data-end=\"5576\" \/>\u00c0 d\u00e9faut d\u2019accord amiable, le litige sera soumis aux tribunaux comp\u00e9tents du ressort du <strong data-start=\"5664\" data-end=\"5688\">si\u00e8ge du Prestataire<\/strong>.<\/p><h3 data-start=\"5696\" data-end=\"5723\">\u00a0<\/h3><h3 data-start=\"5696\" data-end=\"5723\">Article 14 \u2013 Acceptation<\/h3><p data-start=\"5725\" data-end=\"5865\">Les pr\u00e9sentes Conditions G\u00e9n\u00e9rales de Vente sont r\u00e9put\u00e9es accept\u00e9es par le Client d\u00e8s la signature du devis ou la validation de la commande.<\/p><p data-start=\"5867\" data-end=\"5904\"><strong data-start=\"5867\" data-end=\"5904\">Derni\u00e8re mise \u00e0 jour : 02\/12\/2025<\/strong><\/p>\t\t\t\t\t\t\t\t<\/div>\n\t\t\t\t\t<\/div>\n\t\t\t\t<\/div>\n\t\t\t\t<\/div>\n\t\t","protected":false},"excerpt":{"rendered":"<p>Conditions g\u00e9n\u00e9rales de vente \u00a0 Article 1 \u2013 Champ d\u2019application Les pr\u00e9sentes Conditions G\u00e9n\u00e9rales de Vente (ci-apr\u00e8s \u00ab CGV \u00bb) s\u2019appliquent \u00e0 l\u2019ensemble des prestations de services conclues entre L\u00e9o Texier, Entrepreneur Individuel (EI), immatricul\u00e9 sous le num\u00e9ro SIRET 993 330 844 00016, dont le si\u00e8ge est situ\u00e9 3 rue Jules Bodin \u2013 35000 Rennes, [&hellip;]<\/p>\n","protected":false},"author":1,"featured_media":0,"parent":0,"menu_order":0,"comment_status":"closed","ping_status":"closed","template":"","meta":{"footnotes":""},"class_list":["post-294","page","type-page","status-publish","hentry"],"yoast_head":"<!-- This site is optimized with the Yoast SEO plugin v26.6 - https:\/\/yoast.com\/wordpress\/plugins\/seo\/ -->\n<title>CGV - GAlytics - Consultant Web Analytics &amp; Data Visualization<\/title>\n<meta name=\"robots\" content=\"index, follow, max-snippet:-1, max-image-preview:large, max-video-preview:-1\" \/>\n<link rel=\"canonical\" href=\"https:\/\/galytics.fr\/?page_id=294\" \/>\n<meta property=\"og:locale\" content=\"en_US\" \/>\n<meta property=\"og:type\" content=\"article\" \/>\n<meta property=\"og:title\" content=\"CGV - GAlytics - Consultant Web Analytics &amp; Data Visualization\" \/>\n<meta property=\"og:description\" content=\"Conditions g\u00e9n\u00e9rales de vente \u00a0 Article 1 \u2013 Champ d\u2019application Les pr\u00e9sentes Conditions G\u00e9n\u00e9rales de Vente (ci-apr\u00e8s \u00ab CGV \u00bb) s\u2019appliquent \u00e0 l\u2019ensemble des prestations de services conclues entre L\u00e9o Texier, Entrepreneur Individuel (EI), immatricul\u00e9 sous le num\u00e9ro SIRET 993 330 844 00016, dont le si\u00e8ge est situ\u00e9 3 rue Jules Bodin \u2013 35000 Rennes, [&hellip;]\" \/>\n<meta property=\"og:url\" content=\"https:\/\/galytics.fr\/?page_id=294\" \/>\n<meta property=\"og:site_name\" content=\"GAlytics - Consultant Web Analytics &amp; Data Visualization\" \/>\n<meta property=\"article:modified_time\" content=\"2025-12-19T07:20:02+00:00\" \/>\n<meta name=\"twitter:card\" content=\"summary_large_image\" \/>\n<meta name=\"twitter:label1\" content=\"Est. reading time\" \/>\n\t<meta name=\"twitter:data1\" content=\"5 minutes\" \/>\n<script type=\"application\/ld+json\" class=\"yoast-schema-graph\">{\"@context\":\"https:\/\/schema.org\",\"@graph\":[{\"@type\":\"WebPage\",\"@id\":\"https:\/\/galytics.fr\/?page_id=294\",\"url\":\"https:\/\/galytics.fr\/?page_id=294\",\"name\":\"CGV - GAlytics - Consultant Web Analytics &amp; Data Visualization\",\"isPartOf\":{\"@id\":\"https:\/\/galytics.fr\/#website\"},\"datePublished\":\"2025-12-19T07:05:24+00:00\",\"dateModified\":\"2025-12-19T07:20:02+00:00\",\"breadcrumb\":{\"@id\":\"https:\/\/galytics.fr\/?page_id=294#breadcrumb\"},\"inLanguage\":\"en-US\",\"potentialAction\":[{\"@type\":\"ReadAction\",\"target\":[\"https:\/\/galytics.fr\/?page_id=294\"]}]},{\"@type\":\"BreadcrumbList\",\"@id\":\"https:\/\/galytics.fr\/?page_id=294#breadcrumb\",\"itemListElement\":[{\"@type\":\"ListItem\",\"position\":1,\"name\":\"Home\",\"item\":\"https:\/\/galytics.fr\/\"},{\"@type\":\"ListItem\",\"position\":2,\"name\":\"CGV\"}]},{\"@type\":\"WebSite\",\"@id\":\"https:\/\/galytics.fr\/#website\",\"url\":\"https:\/\/galytics.fr\/\",\"name\":\"GAlytics - Consultant Web Analytics &amp; Data Visualization\",\"description\":\"\",\"publisher\":{\"@id\":\"https:\/\/galytics.fr\/#organization\"},\"potentialAction\":[{\"@type\":\"SearchAction\",\"target\":{\"@type\":\"EntryPoint\",\"urlTemplate\":\"https:\/\/galytics.fr\/?s={search_term_string}\"},\"query-input\":{\"@type\":\"PropertyValueSpecification\",\"valueRequired\":true,\"valueName\":\"search_term_string\"}}],\"inLanguage\":\"en-US\"},{\"@type\":\"Organization\",\"@id\":\"https:\/\/galytics.fr\/#organization\",\"name\":\"GAlytics - Consultant Web Analytics &amp; Data Visualization\",\"url\":\"https:\/\/galytics.fr\/\",\"logo\":{\"@type\":\"ImageObject\",\"inLanguage\":\"en-US\",\"@id\":\"https:\/\/galytics.fr\/#\/schema\/logo\/image\/\",\"url\":\"https:\/\/galytics.fr\/wp-content\/uploads\/2025\/12\/GAlytics_logo_optimized.png\",\"contentUrl\":\"https:\/\/galytics.fr\/wp-content\/uploads\/2025\/12\/GAlytics_logo_optimized.png\",\"width\":1492,\"height\":1024,\"caption\":\"GAlytics - Consultant Web Analytics &amp; Data Visualization\"},\"image\":{\"@id\":\"https:\/\/galytics.fr\/#\/schema\/logo\/image\/\"}}]}<\/script>\n<!-- \/ Yoast SEO plugin. -->","yoast_head_json":{"title":"CGV - GAlytics - Consultant Web Analytics &amp; Data Visualization","robots":{"index":"index","follow":"follow","max-snippet":"max-snippet:-1","max-image-preview":"max-image-preview:large","max-video-preview":"max-video-preview:-1"},"canonical":"https:\/\/galytics.fr\/?page_id=294","og_locale":"en_US","og_type":"article","og_title":"CGV - GAlytics - Consultant Web Analytics &amp; Data Visualization","og_description":"Conditions g\u00e9n\u00e9rales de vente \u00a0 Article 1 \u2013 Champ d\u2019application Les pr\u00e9sentes Conditions G\u00e9n\u00e9rales de Vente (ci-apr\u00e8s \u00ab CGV \u00bb) s\u2019appliquent \u00e0 l\u2019ensemble des prestations de services conclues entre L\u00e9o Texier, Entrepreneur Individuel (EI), immatricul\u00e9 sous le num\u00e9ro SIRET 993 330 844 00016, dont le si\u00e8ge est situ\u00e9 3 rue Jules Bodin \u2013 35000 Rennes, [&hellip;]","og_url":"https:\/\/galytics.fr\/?page_id=294","og_site_name":"GAlytics - Consultant Web Analytics &amp; Data Visualization","article_modified_time":"2025-12-19T07:20:02+00:00","twitter_card":"summary_large_image","twitter_misc":{"Est. reading time":"5 minutes"},"schema":{"@context":"https:\/\/schema.org","@graph":[{"@type":"WebPage","@id":"https:\/\/galytics.fr\/?page_id=294","url":"https:\/\/galytics.fr\/?page_id=294","name":"CGV - GAlytics - Consultant Web Analytics &amp; Data Visualization","isPartOf":{"@id":"https:\/\/galytics.fr\/#website"},"datePublished":"2025-12-19T07:05:24+00:00","dateModified":"2025-12-19T07:20:02+00:00","breadcrumb":{"@id":"https:\/\/galytics.fr\/?page_id=294#breadcrumb"},"inLanguage":"en-US","potentialAction":[{"@type":"ReadAction","target":["https:\/\/galytics.fr\/?page_id=294"]}]},{"@type":"BreadcrumbList","@id":"https:\/\/galytics.fr\/?page_id=294#breadcrumb","itemListElement":[{"@type":"ListItem","position":1,"name":"Home","item":"https:\/\/galytics.fr\/"},{"@type":"ListItem","position":2,"name":"CGV"}]},{"@type":"WebSite","@id":"https:\/\/galytics.fr\/#website","url":"https:\/\/galytics.fr\/","name":"GAlytics - Consultant Web Analytics &amp; Data Visualization","description":"","publisher":{"@id":"https:\/\/galytics.fr\/#organization"},"potentialAction":[{"@type":"SearchAction","target":{"@type":"EntryPoint","urlTemplate":"https:\/\/galytics.fr\/?s={search_term_string}"},"query-input":{"@type":"PropertyValueSpecification","valueRequired":true,"valueName":"search_term_string"}}],"inLanguage":"en-US"},{"@type":"Organization","@id":"https:\/\/galytics.fr\/#organization","name":"GAlytics - Consultant Web Analytics &amp; Data Visualization","url":"https:\/\/galytics.fr\/","logo":{"@type":"ImageObject","inLanguage":"en-US","@id":"https:\/\/galytics.fr\/#\/schema\/logo\/image\/","url":"https:\/\/galytics.fr\/wp-content\/uploads\/2025\/12\/GAlytics_logo_optimized.png","contentUrl":"https:\/\/galytics.fr\/wp-content\/uploads\/2025\/12\/GAlytics_logo_optimized.png","width":1492,"height":1024,"caption":"GAlytics - Consultant Web Analytics &amp; Data Visualization"},"image":{"@id":"https:\/\/galytics.fr\/#\/schema\/logo\/image\/"}}]}},"_links":{"self":[{"href":"https:\/\/galytics.fr\/index.php?rest_route=\/wp\/v2\/pages\/294","targetHints":{"allow":["GET"]}}],"collection":[{"href":"https:\/\/galytics.fr\/index.php?rest_route=\/wp\/v2\/pages"}],"about":[{"href":"https:\/\/galytics.fr\/index.php?rest_route=\/wp\/v2\/types\/page"}],"author":[{"embeddable":true,"href":"https:\/\/galytics.fr\/index.php?rest_route=\/wp\/v2\/users\/1"}],"replies":[{"embeddable":true,"href":"https:\/\/galytics.fr\/index.php?rest_route=%2Fwp%2Fv2%2Fcomments&post=294"}],"version-history":[{"count":19,"href":"https:\/\/galytics.fr\/index.php?rest_route=\/wp\/v2\/pages\/294\/revisions"}],"predecessor-version":[{"id":314,"href":"https:\/\/galytics.fr\/index.php?rest_route=\/wp\/v2\/pages\/294\/revisions\/314"}],"wp:attachment":[{"href":"https:\/\/galytics.fr\/index.php?rest_route=%2Fwp%2Fv2%2Fmedia&parent=294"}],"curies":[{"name":"wp","href":"https:\/\/api.w.org\/{rel}","templated":true}]}}